{"id":4467,"date":"2022-06-07T16:14:20","date_gmt":"2022-06-07T19:14:20","guid":{"rendered":"https:\/\/chapadamar.com\/?page_id=4467"},"modified":"2026-03-28T10:18:31","modified_gmt":"2026-03-28T13:18:31","slug":"quem-somos","status":"publish","type":"page","link":"https:\/\/chapadamar.com\/en\/quem-somos\/","title":{"rendered":"About"},"content":{"rendered":"<div data-elementor-type=\"wp-page\" data-elementor-id=\"4467\" class=\"elementor elementor-4467\" data-elementor-settings=\"{&quot;ha_cmc_init_switcher&quot;:&quot;no&quot;}\">\n\t\t\t\t\t\t<section class=\"elementor-section elementor-top-section elementor-element elementor-element-faf3c7c elementor-section-content-middle elementor-section-stretched elementor-section-boxed elementor-section-height-default elementor-section-height-default\" data-id=\"faf3c7c\" data-element_type=\"section\" data-e-type=\"section\" data-settings=\"{&quot;stretch_section&quot;:&quot;section-stretched&quot;,&quot;_ha_eqh_enable&quot;:false}\">\n\t\t\t\t\t\t<div class=\"elementor-container elementor-column-gap-default\">\n\t\t\t\t\t<div class=\"elementor-column elementor-col-50 elementor-top-column elementor-element elementor-element-cf94ca5\" data-id=\"cf94ca5\" data-element_type=\"column\" data-e-type=\"column\">\n\t\t\t<div class=\"elementor-widget-wrap elementor-element-populated\">\n\t\t\t\t\t\t<div class=\"elementor-element elementor-element-86641e1 elementor-widget elementor-widget-heading\" data-id=\"86641e1\" data-element_type=\"widget\" data-e-type=\"widget\" data-widget_type=\"heading.default\">\n\t\t\t\t<div class=\"elementor-widget-container\">\n\t\t\t\t\t<h2 class=\"elementor-heading-title elementor-size-default\">About<\/h2>\t\t\t\t<\/div>\n\t\t\t\t<\/div>\n\t\t\t\t<div class=\"elementor-element elementor-element-cffeaec elementor-widget elementor-widget-heading\" data-id=\"cffeaec\" data-element_type=\"widget\" data-e-type=\"widget\" data-widget_type=\"heading.default\">\n\t\t\t\t<div class=\"elementor-widget-container\">\n\t\t\t\t\t<h2 class=\"elementor-heading-title elementor-size-default\">\u201cAs \u00e1guas da Chapada correm para o mar e n\u00f3s tamb\u00e9m <\/h2>\t\t\t\t<\/div>\n\t\t\t\t<\/div>\n\t\t\t\t<div class=\"elementor-element elementor-element-fab0ac0 elementor-widget elementor-widget-text-editor\" data-id=\"fab0ac0\" data-element_type=\"widget\" data-e-type=\"widget\" data-widget_type=\"text-editor.default\">\n\t\t\t\t<div class=\"elementor-widget-container\">\n\t\t\t\t\t\t\t\t\t<p><span style=\"font-weight: 400;\">Somos uma ag\u00eancia de turismo que deseja te leva para o melhor destino da Bahia e fazer esta conex\u00e3o Chapada &amp; Mar , nossa equipe \u00e9 formada com guias capacitados e experientes trabalhamos com seguran\u00e7a e qualidade.\u00a0<\/span><\/p><p><span style=\"font-weight: 400;\">\u00a0Na Chapada Diamantina nossa base fica na cidade de Len\u00e7\u00f3is, dentro Pousada Vila Serrano, e na cidada de\u00a0 Itacar\u00e9 no\u00a0 Hotel Ecoporan \u2013 Itacare- Bahia, com a nossa experi\u00eancia nos permite\u00a0 personalizar\u00a0 seus roteiros de acordo com o seu perfil.\u00a0<\/span><\/p><p><span style=\"font-weight: 400;\">Experimente o\u00a0 <\/span><span style=\"font-weight: 400;\">melhor\u00a0 destino da Bahia\u00a0 \u2013 Chapada Diamantina e Itacar\u00e9 \u201ccom conforto e seguran\u00e7a .<\/span><\/p>\t\t\t\t\t\t\t\t<\/div>\n\t\t\t\t<\/div>\n\t\t\t\t\t<\/div>\n\t\t<\/div>\n\t\t\t\t<div class=\"elementor-column elementor-col-50 elementor-top-column elementor-element elementor-element-5db8c65\" data-id=\"5db8c65\" data-element_type=\"column\" data-e-type=\"column\">\n\t\t\t<div class=\"elementor-widget-wrap elementor-element-populated\">\n\t\t\t\t\t\t<div class=\"elementor-element elementor-element-027d1af elementor-widget elementor-widget-image\" data-id=\"027d1af\" data-element_type=\"widget\" data-e-type=\"widget\" data-widget_type=\"image.default\">\n\t\t\t\t<div class=\"elementor-widget-container\">\n\t\t\t\t\t\t\t\t\t\t\t\t\t\t\t<img fetchpriority=\"high\" decoding=\"async\" width=\"1184\" height=\"1280\" src=\"https:\/\/chapadamar.com\/wp-content\/uploads\/2026\/02\/IMG_0551-2.jpeg\" class=\"attachment-full size-full wp-image-7062\" alt=\"\" srcset=\"https:\/\/chapadamar.com\/wp-content\/uploads\/2026\/02\/IMG_0551-2.jpeg 1184w, https:\/\/chapadamar.com\/wp-content\/uploads\/2026\/02\/IMG_0551-2-278x300.jpeg 278w, https:\/\/chapadamar.com\/wp-content\/uploads\/2026\/02\/IMG_0551-2-947x1024.jpeg 947w, https:\/\/chapadamar.com\/wp-content\/uploads\/2026\/02\/IMG_0551-2-768x830.jpeg 768w, https:\/\/chapadamar.com\/wp-content\/uploads\/2026\/02\/IMG_0551-2-11x12.jpeg 11w\" sizes=\"(max-width: 1184px) 100vw, 1184px\" \/>\t\t\t\t\t\t\t\t\t\t\t\t\t\t\t<\/div>\n\t\t\t\t<\/div>\n\t\t\t\t\t<\/div>\n\t\t<\/div>\n\t\t\t\t\t<\/div>\n\t\t<\/section>\n\t\t\t\t<section class=\"elementor-section elementor-top-section elementor-element elementor-element-e3d8477 elementor-section-content-middle elementor-section-stretched elementor-section-boxed elementor-section-height-default elementor-section-height-default\" data-id=\"e3d8477\" data-element_type=\"section\" data-e-type=\"section\" data-settings=\"{&quot;stretch_section&quot;:&quot;section-stretched&quot;,&quot;_ha_eqh_enable&quot;:false}\">\n\t\t\t\t\t\t<div class=\"elementor-container elementor-column-gap-default\">\n\t\t\t\t\t<div class=\"elementor-column elementor-col-50 elementor-top-column elementor-element elementor-element-f1c3fb8\" data-id=\"f1c3fb8\" data-element_type=\"column\" data-e-type=\"column\">\n\t\t\t<div class=\"elementor-widget-wrap elementor-element-populated\">\n\t\t\t\t\t\t<div class=\"elementor-element elementor-element-45baa04 elementor-widget elementor-widget-heading\" data-id=\"45baa04\" data-element_type=\"widget\" data-e-type=\"widget\" data-widget_type=\"heading.default\">\n\t\t\t\t<div class=\"elementor-widget-container\">\n\t\t\t\t\t<h2 class=\"elementor-heading-title elementor-size-default\">Cristiane dos Anjos<\/h2>\t\t\t\t<\/div>\n\t\t\t\t<\/div>\n\t\t\t\t<div class=\"elementor-element elementor-element-a02b0b9 elementor-widget elementor-widget-text-editor\" data-id=\"a02b0b9\" data-element_type=\"widget\" data-e-type=\"widget\" data-widget_type=\"text-editor.default\">\n\t\t\t\t<div class=\"elementor-widget-container\">\n\t\t\t\t\t\t\t\t\t<p>Sou Cristiane, natural de Palmeiras, na Chapada Diamantina, filha de garimpeiros. Cresci acompanhando a transforma\u00e7\u00e3o da regi\u00e3o e constru\u00ed minha trajet\u00f3ria no turismo ao longo de quase 12 anos de experi\u00eancia na Pousada Vila Serrano, ainda jovem atuei como guia local movida pela paix\u00e3o por estar em contato com a natureza e pelas trilhas da regi\u00e3o .<\/p><p>Sou fundadora da Chapada Mar e Trekking &amp; Surf uma ag\u00eancia de turismo que deseja te leva para o melhor destino da Bahia e fazer esta conex\u00e3o Chapada &amp; Mar , nossa equipe \u00e9 formada com guias capacitados e experientes trabalhamos com seguran\u00e7a e qualidade.\u00a0O atendimento presencial na ag\u00eancia \u00e9 realizado por Simone, garantindo suporte personalizado aos nossos visitantes.<\/p>\t\t\t\t\t\t\t\t<\/div>\n\t\t\t\t<\/div>\n\t\t\t\t\t<\/div>\n\t\t<\/div>\n\t\t\t\t<div class=\"elementor-column elementor-col-50 elementor-top-column elementor-element elementor-element-5b85d52\" data-id=\"5b85d52\" data-element_type=\"column\" data-e-type=\"column\">\n\t\t\t<div class=\"elementor-widget-wrap elementor-element-populated\">\n\t\t\t\t\t\t<div class=\"elementor-element elementor-element-b1efe94 elementor-widget elementor-widget-image\" data-id=\"b1efe94\" data-element_type=\"widget\" data-e-type=\"widget\" data-widget_type=\"image.default\">\n\t\t\t\t<div class=\"elementor-widget-container\">\n\t\t\t\t\t\t\t\t\t\t\t\t\t\t\t<img decoding=\"async\" src=\"https:\/\/chapadamar.com\/wp-content\/uploads\/2026\/02\/IMG_0334.jpeg\" title=\"IMG_0334\" alt=\"IMG_0334\" loading=\"lazy\" \/>\t\t\t\t\t\t\t\t\t\t\t\t\t\t\t<\/div>\n\t\t\t\t<\/div>\n\t\t\t\t\t<\/div>\n\t\t<\/div>\n\t\t\t\t\t<\/div>\n\t\t<\/section>\n\t\t\t\t<section class=\"elementor-section elementor-top-section elementor-element elementor-element-72ba70d elementor-section-content-middle elementor-section-stretched elementor-section-boxed elementor-section-height-default elementor-section-height-default\" data-id=\"72ba70d\" data-element_type=\"section\" data-e-type=\"section\" data-settings=\"{&quot;stretch_section&quot;:&quot;section-stretched&quot;,&quot;_ha_eqh_enable&quot;:false}\">\n\t\t\t\t\t\t<div class=\"elementor-container elementor-column-gap-default\">\n\t\t\t\t\t<div class=\"elementor-column elementor-col-50 elementor-top-column elementor-element elementor-element-567e820\" data-id=\"567e820\" data-element_type=\"column\" data-e-type=\"column\">\n\t\t\t<div class=\"elementor-widget-wrap elementor-element-populated\">\n\t\t\t\t\t\t<div class=\"elementor-element elementor-element-c866559 elementor-widget elementor-widget-heading\" data-id=\"c866559\" data-element_type=\"widget\" data-e-type=\"widget\" data-widget_type=\"heading.default\">\n\t\t\t\t<div class=\"elementor-widget-container\">\n\t\t\t\t\t<h2 class=\"elementor-heading-title elementor-size-default\">Simone Moreno<\/h2>\t\t\t\t<\/div>\n\t\t\t\t<\/div>\n\t\t\t\t<div class=\"elementor-element elementor-element-85de8fd elementor-widget-tablet_extra__width-initial elementor-widget elementor-widget-text-editor\" data-id=\"85de8fd\" data-element_type=\"widget\" data-e-type=\"widget\" data-widget_type=\"text-editor.default\">\n\t\t\t\t<div class=\"elementor-widget-container\">\n\t\t\t\t\t\t\t\t\t<p>Simone \u00e9 publicit\u00e1ria, natural de S\u00e3o Paulo.<br \/>Em 2017, decidiu sair da sua cidade para viajar, movida pela vontade de conhecer novos lugares e culturas. Em 2021, chegou \u00e0 Bahia e encontrou na Chapada Diamantina muito mais do que um destino: encontrou um novo lar.<br \/>Apaixonada pela natureza, pelas trilhas e pela energia \u00fanica da regi\u00e3o, escolheu viver em Len\u00e7\u00f3is, onde hoje integra a equipe da Chapada Mar. Une sua experi\u00eancia em comunica\u00e7\u00e3o ao amor pelo turismo para criar conex\u00f5es, acolher viajantes e transformar cada roteiro em uma experi\u00eancia especial.<\/p>\t\t\t\t\t\t\t\t<\/div>\n\t\t\t\t<\/div>\n\t\t\t\t\t<\/div>\n\t\t<\/div>\n\t\t\t\t<div class=\"elementor-column elementor-col-50 elementor-top-column elementor-element elementor-element-ce77555\" data-id=\"ce77555\" data-element_type=\"column\" data-e-type=\"column\">\n\t\t\t<div class=\"elementor-widget-wrap elementor-element-populated\">\n\t\t\t\t\t\t<div class=\"elementor-element elementor-element-b1b15db elementor-widget elementor-widget-image\" data-id=\"b1b15db\" data-element_type=\"widget\" data-e-type=\"widget\" data-widget_type=\"image.default\">\n\t\t\t\t<div class=\"elementor-widget-container\">\n\t\t\t\t\t\t\t\t\t\t\t\t\t\t\t<img decoding=\"async\" src=\"https:\/\/chapadamar.com\/wp-content\/uploads\/2026\/02\/IMG_0560.jpeg\" title=\"IMG_0560\" alt=\"IMG_0560\" loading=\"lazy\" \/>\t\t\t\t\t\t\t\t\t\t\t\t\t\t\t<\/div>\n\t\t\t\t<\/div>\n\t\t\t\t\t<\/div>\n\t\t<\/div>\n\t\t\t\t\t<\/div>\n\t\t<\/section>\n\t\t\t\t<section class=\"elementor-section elementor-top-section elementor-element elementor-element-b7604f2 elementor-section-content-middle elementor-section-stretched elementor-section-boxed elementor-section-height-default elementor-section-height-default\" data-id=\"b7604f2\" data-element_type=\"section\" data-e-type=\"section\" data-settings=\"{&quot;stretch_section&quot;:&quot;section-stretched&quot;,&quot;_ha_eqh_enable&quot;:false}\">\n\t\t\t\t\t\t<div class=\"elementor-container elementor-column-gap-default\">\n\t\t\t\t\t<div class=\"elementor-column elementor-col-50 elementor-top-column elementor-element elementor-element-8db7bb9\" data-id=\"8db7bb9\" data-element_type=\"column\" data-e-type=\"column\">\n\t\t\t<div class=\"elementor-widget-wrap elementor-element-populated\">\n\t\t\t\t\t\t<div class=\"elementor-element elementor-element-9af8174 elementor-widget elementor-widget-heading\" data-id=\"9af8174\" data-element_type=\"widget\" data-e-type=\"widget\" data-widget_type=\"heading.default\">\n\t\t\t\t<div class=\"elementor-widget-container\">\n\t\t\t\t\t<h2 class=\"elementor-heading-title elementor-size-default\">Social responsability<\/h2>\t\t\t\t<\/div>\n\t\t\t\t<\/div>\n\t\t\t\t<div class=\"elementor-element elementor-element-61208dc elementor-widget elementor-widget-text-editor\" data-id=\"61208dc\" data-element_type=\"widget\" data-e-type=\"widget\" data-widget_type=\"text-editor.default\">\n\t\t\t\t<div class=\"elementor-widget-container\">\n\t\t\t\t\t\t\t\t\t<p><span style=\"font-weight: 400;\">We at CHAPADA MAR think about it constantly and support the ARCA Association, which is an institution based in a poor neighborhood in the city of Palmeiras in Chapada Diamantina. ARCA aims to develop <\/span><span style=\"font-weight: 400;\">projetos, oficinas<\/span><i><span style=\"font-weight: 400;\">, <\/span><\/i><span style=\"font-weight: 400;\">atividades culturais, art\u00edsticas, sociais, educativas e ambientais, e assim transformar a vida das pessoas envolvidas no projeto.<\/span><span style=\"font-weight: 400;\"><br \/><\/span><span style=\"font-weight: 400;\"><br \/><\/span><span style=\"font-weight: 400;\">If you also want to support this project, contact us by e-mail: arcacoordena\u00e7\u00e3o@gmail.com<\/span><\/p>\t\t\t\t\t\t\t\t<\/div>\n\t\t\t\t<\/div>\n\t\t\t\t\t<\/div>\n\t\t<\/div>\n\t\t\t\t<div class=\"elementor-column elementor-col-50 elementor-top-column elementor-element elementor-element-bd0eeb8\" data-id=\"bd0eeb8\" data-element_type=\"column\" data-e-type=\"column\">\n\t\t\t<div class=\"elementor-widget-wrap elementor-element-populated\">\n\t\t\t\t\t\t<div class=\"elementor-element elementor-element-350ec9d elementor-widget elementor-widget-image\" data-id=\"350ec9d\" data-element_type=\"widget\" data-e-type=\"widget\" data-widget_type=\"image.default\">\n\t\t\t\t<div class=\"elementor-widget-container\">\n\t\t\t\t\t\t\t\t\t\t\t\t\t\t\t<img decoding=\"async\" width=\"768\" height=\"393\" src=\"https:\/\/chapadamar.com\/wp-content\/uploads\/2022\/06\/ARCA1-768x393.png\" class=\"attachment-medium_large size-medium_large wp-image-4470\" alt=\"\" srcset=\"https:\/\/chapadamar.com\/wp-content\/uploads\/2022\/06\/ARCA1-768x393.png 768w, https:\/\/chapadamar.com\/wp-content\/uploads\/2022\/06\/ARCA1-300x153.png 300w, https:\/\/chapadamar.com\/wp-content\/uploads\/2022\/06\/ARCA1-1024x524.png 1024w, https:\/\/chapadamar.com\/wp-content\/uploads\/2022\/06\/ARCA1-18x9.png 18w, https:\/\/chapadamar.com\/wp-content\/uploads\/2022\/06\/ARCA1.png 1218w\" sizes=\"(max-width: 768px) 100vw, 768px\" \/>\t\t\t\t\t\t\t\t\t\t\t\t\t\t\t<\/div>\n\t\t\t\t<\/div>\n\t\t\t\t\t<\/div>\n\t\t<\/div>\n\t\t\t\t\t<\/div>\n\t\t<\/section>\n\t\t\t\t<\/div>","protected":false},"excerpt":{"rendered":"<p>Quem somos \u201cAs \u00e1guas da Chapada correm para o mar e n\u00f3s tamb\u00e9m Somos uma ag\u00eancia de turismo que deseja te leva para o melhor destino da Bahia e fazer esta conex\u00e3o Chapada &amp; Mar , nossa equipe \u00e9 formada com guias capacitados e experientes trabalhamos com seguran\u00e7a e qualidade.\u00a0 \u00a0Na Chapada Diamantina nossa base [&hellip;]<\/p>\n","protected":false},"author":2,"featured_media":0,"parent":0,"menu_order":0,"comment_status":"closed","ping_status":"closed","template":"","meta":{"footnotes":""},"class_list":["post-4467","page","type-page","status-publish","hentry"],"_links":{"self":[{"href":"https:\/\/chapadamar.com\/en\/wp-json\/wp\/v2\/pages\/4467","targetHints":{"allow":["GET"]}}],"collection":[{"href":"https:\/\/chapadamar.com\/en\/wp-json\/wp\/v2\/pages"}],"about":[{"href":"https:\/\/chapadamar.com\/en\/wp-json\/wp\/v2\/types\/page"}],"author":[{"embeddable":true,"href":"https:\/\/chapadamar.com\/en\/wp-json\/wp\/v2\/users\/2"}],"replies":[{"embeddable":true,"href":"https:\/\/chapadamar.com\/en\/wp-json\/wp\/v2\/comments?post=4467"}],"version-history":[{"count":25,"href":"https:\/\/chapadamar.com\/en\/wp-json\/wp\/v2\/pages\/4467\/revisions"}],"predecessor-version":[{"id":7089,"href":"https:\/\/chapadamar.com\/en\/wp-json\/wp\/v2\/pages\/4467\/revisions\/7089"}],"wp:attachment":[{"href":"https:\/\/chapadamar.com\/en\/wp-json\/wp\/v2\/media?parent=4467"}],"curies":[{"name":"wp","href":"https:\/\/api.w.org\/{rel}","templated":true}]}}